{"id":656,"date":"2017-05-17T08:08:58","date_gmt":"2017-05-17T08:08:58","guid":{"rendered":"http:\/\/www.juvetfinques.es\/?page_id=656"},"modified":"2017-05-17T08:25:30","modified_gmt":"2017-05-17T08:25:30","slug":"vols-llogar-la-teva-casa-per-vacances","status":"publish","type":"page","link":"https:\/\/www.juvetfinques.es\/index.php\/ca\/vols-llogar-la-teva-casa-per-vacances\/","title":{"rendered":"Vols llogar la teva vivenda per vacances?"},"content":{"rendered":"<h4><span style=\"color: #800000;\"><strong>Rendibilitza la teva vivenda quan no la fas servir.<\/strong> <\/span><\/h4>\n<p>Sabies que el lloguer tur\u00edstic es una manera de generar ingressos de la teva vivenda quan no la fas servir?<\/p>\n<p><img loading=\"lazy\" class=\"size-medium wp-image-657 aligncenter\" src=\"http:\/\/www.juvetfinques.es\/wp-content\/uploads\/2017\/05\/Roc-de-Sant-Gaiet\u00e0-300x161.jpg\" alt=\"\" width=\"300\" height=\"161\" srcset=\"https:\/\/www.juvetfinques.es\/wp-content\/uploads\/2017\/05\/Roc-de-Sant-Gaiet\u00e0-300x161.jpg 300w, https:\/\/www.juvetfinques.es\/wp-content\/uploads\/2017\/05\/Roc-de-Sant-Gaiet\u00e0-500x269.jpg 500w, https:\/\/www.juvetfinques.es\/wp-content\/uploads\/2017\/05\/Roc-de-Sant-Gaiet\u00e0.jpg 654w\" sizes=\"(max-width: 300px) 100vw, 300px\" \/><\/p>\n<p>A <strong><span style=\"color: #800000;\">JUVET<\/span> <span style=\"color: #333333;\">FINQUES<\/span><\/strong> cerquem vivendes per a lloguer de vacances.<\/p>\n<p>Ens cuidem de totes les gestions, t&#8217;ho posem f\u00e0cil;<\/p>\n<ul>\n<li>Tramitaci\u00f3 de la Llic\u00e8ncia Tur\u00edstica (si encara no la tens)<\/li>\n<li>Tramitaci\u00f3 de c\u00e9dula d&#8217;habitabilitat i certificaci\u00f3 energ\u00e8tica<\/li>\n<li>Pla de marketing especialitzat per maximitzar la ocupaci\u00f3<\/li>\n<li>Gesti\u00f3 de reserves i fiances<\/li>\n<li>Check in \/ Check out de clients<\/li>\n<li>Servei de manteniment i neteja per deixar la vivenda llesta per al proper llogater<\/li>\n<li>Servei d&#8217;assegurances especialitzades en lloguer<\/li>\n<li>Assessorament professional<\/li>\n<\/ul>\n<p><span style=\"color: #800000;\">Preocupat nom\u00e8s de cobrar les rendes!<\/span><\/p>\n","protected":false},"excerpt":{"rendered":"<p>Rendibilitza la teva vivenda quan no la fas servir. Sabies que el lloguer tur\u00edstic es una manera de generar ingressos de la teva vivenda quan no la fas servir? A JUVET FINQUES cerquem vivendes per a lloguer de vacances. Ens cuidem de totes les gestions, t&#8217;ho posem f\u00e0cil; Tramitaci\u00f3 de la Llic\u00e8ncia Tur\u00edstica (si encara &hellip; <a href=\"https:\/\/www.juvetfinques.es\/index.php\/ca\/vols-llogar-la-teva-casa-per-vacances\/\" class=\"more-link\">Continua la lectura de <span class=\"screen-reader-text\">Vols llogar la teva vivenda per vacances?<\/span> <span class=\"meta-nav\">&rarr;<\/span><\/a><\/p>\n","protected":false},"author":1,"featured_media":0,"parent":0,"menu_order":0,"comment_status":"closed","ping_status":"closed","template":"","meta":[],"_links":{"self":[{"href":"https:\/\/www.juvetfinques.es\/index.php\/wp-json\/wp\/v2\/pages\/656"}],"collection":[{"href":"https:\/\/www.juvetfinques.es\/index.php\/wp-json\/wp\/v2\/pages"}],"about":[{"href":"https:\/\/www.juvetfinques.es\/index.php\/wp-json\/wp\/v2\/types\/page"}],"author":[{"embeddable":true,"href":"https:\/\/www.juvetfinques.es\/index.php\/wp-json\/wp\/v2\/users\/1"}],"replies":[{"embeddable":true,"href":"https:\/\/www.juvetfinques.es\/index.php\/wp-json\/wp\/v2\/comments?post=656"}],"version-history":[{"count":4,"href":"https:\/\/www.juvetfinques.es\/index.php\/wp-json\/wp\/v2\/pages\/656\/revisions"}],"predecessor-version":[{"id":667,"href":"https:\/\/www.juvetfinques.es\/index.php\/wp-json\/wp\/v2\/pages\/656\/revisions\/667"}],"wp:attachment":[{"href":"https:\/\/www.juvetfinques.es\/index.php\/wp-json\/wp\/v2\/media?parent=656"}],"curies":[{"name":"wp","href":"https:\/\/api.w.org\/{rel}","templated":true}]}}