{"id":261,"date":"2017-05-11T08:57:31","date_gmt":"2017-05-11T08:57:31","guid":{"rendered":"http:\/\/www.juvetfinques.es\/?page_id=261"},"modified":"2017-05-11T08:57:31","modified_gmt":"2017-05-11T08:57:31","slug":"venta","status":"publish","type":"page","link":"https:\/\/www.juvetfinques.es\/index.php\/es\/venta\/","title":{"rendered":"Venta"},"content":{"rendered":"<h3><img loading=\"lazy\" class=\"wp-image-31 aligncenter\" src=\"http:\/\/www.juvetfinques.es\/wp-content\/uploads\/2017\/05\/ciutat-300x70.png\" alt=\"\" width=\"249\" height=\"58\" srcset=\"https:\/\/www.juvetfinques.es\/wp-content\/uploads\/2017\/05\/ciutat-300x70.png 300w, https:\/\/www.juvetfinques.es\/wp-content\/uploads\/2017\/05\/ciutat.png 466w\" sizes=\"(max-width: 249px) 100vw, 249px\" \/><\/h3>\n<h3>Quieres vender tu inmueble?<\/h3>\n<p>En <strong><span style=\"color: #800000;\">JUVET<\/span><span style=\"color: #808080;\"> FINQUES<\/span><\/strong>, te ofrecemos la <strong>Gesti\u00f3n Integral del proceso de compra-venta<\/strong><\/p>\n<h4>Estudio de Mercado<\/h4>\n<p>Para poder vender una propiedad es necesario hacer un estudio de meercado para tu inmueble. Este estudio profesional nos ayuda a encontrar el precio de venta de tu inmueble teniendo en cuenta sus caracter\u00edsticas particulares en relaci\u00f3n a las de su competencia m\u00e1s cercana.<\/p>\n<figure id=\"attachment_20\" aria-describedby=\"caption-attachment-20\" style=\"width: 300px\" class=\"wp-caption aligncenter\"><img loading=\"lazy\" class=\"size-medium wp-image-20\" src=\"http:\/\/www.juvetfinques.es\/wp-content\/uploads\/2017\/05\/estudi-mercat-300x187.jpg\" alt=\"\" width=\"300\" height=\"187\" srcset=\"https:\/\/www.juvetfinques.es\/wp-content\/uploads\/2017\/05\/estudi-mercat-300x187.jpg 300w, https:\/\/www.juvetfinques.es\/wp-content\/uploads\/2017\/05\/estudi-mercat.jpg 664w\" sizes=\"(max-width: 300px) 100vw, 300px\" \/><figcaption id=\"caption-attachment-20\" class=\"wp-caption-text\">Estudio de mercado.<\/figcaption><\/figure>\n<p><em>No nos enga\u00f1emos:<\/em> <em>Los inmuebles con un precio de venta superior a su precio de mercado tardaran en venderse<\/em><\/p>\n<h4>Comercializaci\u00f3n<\/h4>\n<p>Un plan de marketing espec\u00edfico para tu inmueble nos ayudar\u00e1 a comercializarlo adecuadamente.<\/p>\n<p>Hoy en dia m\u00e1s del 80% de los compradores buscan sus inmuebles por internet.<\/p>\n<p>Publicaremos\u00a0tu inmueble en nuestra\u00a0 web\u00a0y\u00a0seleccionaremos los principales portales inmobiliaris on-line\u00a0donde publicar.<\/p>\n<p style=\"text-align: center;\"><img loading=\"lazy\" class=\"alignnone wp-image-24\" src=\"http:\/\/www.juvetfinques.es\/wp-content\/uploads\/2017\/05\/apicat-300x95.png\" alt=\"\" width=\"70\" height=\"22\" srcset=\"https:\/\/www.juvetfinques.es\/wp-content\/uploads\/2017\/05\/apicat-300x95.png 300w, https:\/\/www.juvetfinques.es\/wp-content\/uploads\/2017\/05\/apicat.png 399w\" sizes=\"(max-width: 70px) 100vw, 70px\" \/>\u00a0\u00a0\u00a0 \u00a0<img loading=\"lazy\" class=\"alignnone wp-image-25\" src=\"http:\/\/www.juvetfinques.es\/wp-content\/uploads\/2017\/05\/habitaclia-300x104.png\" alt=\"\" width=\"73\" height=\"25\" srcset=\"https:\/\/www.juvetfinques.es\/wp-content\/uploads\/2017\/05\/habitaclia-300x104.png 300w, https:\/\/www.juvetfinques.es\/wp-content\/uploads\/2017\/05\/habitaclia.png 381w\" sizes=\"(max-width: 73px) 100vw, 73px\" \/>\u00a0\u00a0\u00a0 \u00a0<img loading=\"lazy\" class=\"alignnone wp-image-26\" src=\"http:\/\/www.juvetfinques.es\/wp-content\/uploads\/2017\/05\/fotocasa-300x112.png\" alt=\"\" width=\"75\" height=\"28\" srcset=\"https:\/\/www.juvetfinques.es\/wp-content\/uploads\/2017\/05\/fotocasa-300x112.png 300w, https:\/\/www.juvetfinques.es\/wp-content\/uploads\/2017\/05\/fotocasa.png 367w\" sizes=\"(max-width: 75px) 100vw, 75px\" \/>\u00a0\u00a0 <img loading=\"lazy\" class=\"alignnone wp-image-27\" src=\"http:\/\/www.juvetfinques.es\/wp-content\/uploads\/2017\/05\/idealista-300x94.png\" alt=\"\" width=\"67\" height=\"21\" srcset=\"https:\/\/www.juvetfinques.es\/wp-content\/uploads\/2017\/05\/idealista-300x94.png 300w, https:\/\/www.juvetfinques.es\/wp-content\/uploads\/2017\/05\/idealista.png 306w\" sizes=\"(max-width: 67px) 100vw, 67px\" \/><\/p>\n<h4>Asesoramiento legal<\/h4>\n<p>Ponemos a tu disposici\u00f3n nuestro servicio jur\u00eddico para asegurarnos una compraventa sin imprevistos.<\/p>\n<p><img loading=\"lazy\" class=\"alignnone wp-image-32 aligncenter\" src=\"http:\/\/www.juvetfinques.es\/wp-content\/uploads\/2017\/05\/contracte.png\" alt=\"\" width=\"206\" height=\"125\" \/><\/p>\n<h4>Gesti\u00f3n de contactos<\/h4>\n<p>Despreocupate, gestionaremos las visitas al inmueble y nos encargaremos de encontrar a tu comprador.<\/p>\n<p><img loading=\"lazy\" class=\" wp-image-33 aligncenter\" src=\"http:\/\/www.juvetfinques.es\/wp-content\/uploads\/2017\/05\/acord-300x110.jpg\" alt=\"\" width=\"237\" height=\"87\" srcset=\"https:\/\/www.juvetfinques.es\/wp-content\/uploads\/2017\/05\/acord-300x110.jpg 300w, https:\/\/www.juvetfinques.es\/wp-content\/uploads\/2017\/05\/acord.jpg 371w\" sizes=\"(max-width: 237px) 100vw, 237px\" \/><\/p>\n<h4><\/h4>\n","protected":false},"excerpt":{"rendered":"<p>Quieres vender tu inmueble? En JUVET FINQUES, te ofrecemos la Gesti\u00f3n Integral del proceso de compra-venta Estudio de Mercado Para poder vender una propiedad es necesario hacer un estudio de meercado para tu inmueble. Este estudio profesional nos ayuda a encontrar el precio de venta de tu inmueble teniendo en cuenta sus caracter\u00edsticas particulares en &hellip; <a href=\"https:\/\/www.juvetfinques.es\/index.php\/es\/venta\/\" class=\"more-link\">Continua la lectura de <span class=\"screen-reader-text\">Venta<\/span> <span class=\"meta-nav\">&rarr;<\/span><\/a><\/p>\n","protected":false},"author":1,"featured_media":0,"parent":0,"menu_order":0,"comment_status":"closed","ping_status":"closed","template":"page-templates\/full-width.php","meta":[],"_links":{"self":[{"href":"https:\/\/www.juvetfinques.es\/index.php\/wp-json\/wp\/v2\/pages\/261"}],"collection":[{"href":"https:\/\/www.juvetfinques.es\/index.php\/wp-json\/wp\/v2\/pages"}],"about":[{"href":"https:\/\/www.juvetfinques.es\/index.php\/wp-json\/wp\/v2\/types\/page"}],"author":[{"embeddable":true,"href":"https:\/\/www.juvetfinques.es\/index.php\/wp-json\/wp\/v2\/users\/1"}],"replies":[{"embeddable":true,"href":"https:\/\/www.juvetfinques.es\/index.php\/wp-json\/wp\/v2\/comments?post=261"}],"version-history":[{"count":1,"href":"https:\/\/www.juvetfinques.es\/index.php\/wp-json\/wp\/v2\/pages\/261\/revisions"}],"predecessor-version":[{"id":262,"href":"https:\/\/www.juvetfinques.es\/index.php\/wp-json\/wp\/v2\/pages\/261\/revisions\/262"}],"wp:attachment":[{"href":"https:\/\/www.juvetfinques.es\/index.php\/wp-json\/wp\/v2\/media?parent=261"}],"curies":[{"name":"wp","href":"https:\/\/api.w.org\/{rel}","templated":true}]}}