{"id":217,"date":"2017-05-11T07:44:17","date_gmt":"2017-05-11T07:44:17","guid":{"rendered":"http:\/\/www.juvetfinques.es\/?page_id=217"},"modified":"2017-05-11T07:44:45","modified_gmt":"2017-05-11T07:44:45","slug":"seguros","status":"publish","type":"page","link":"https:\/\/www.juvetfinques.es\/index.php\/es\/seguros\/","title":{"rendered":"Seguros"},"content":{"rendered":"<p><a href=\"http:\/\/www.assegurancesgarcia.es\"><img loading=\"lazy\" class=\"size-medium wp-image-120 aligncenter\" src=\"http:\/\/www.juvetfinques.es\/wp-content\/uploads\/2017\/05\/assegurancesgarcia-300x105.jpg\" alt=\"\" width=\"300\" height=\"105\" srcset=\"https:\/\/www.juvetfinques.es\/wp-content\/uploads\/2017\/05\/assegurancesgarcia-300x105.jpg 300w, https:\/\/www.juvetfinques.es\/wp-content\/uploads\/2017\/05\/assegurancesgarcia.jpg 630w\" sizes=\"(max-width: 300px) 100vw, 300px\" \/><\/a><\/p>\n<p>Ponemos a la tu disposici\u00f3n toda nuestra experi\u00e9ncia en el mundo de los seguros.<\/p>\n<p>Te ofrecemos las mejores coberturas pel teu immoble;<\/p>\n<ul>\n<li>Hogar habitual<\/li>\n<li>Segundaresid\u00e9ncia<\/li>\n<li>Hogar de alquiler<\/li>\n<li>Comercio<\/li>\n<li>Peque\u00f1a\u00a0y mediana empresa<\/li>\n<li>P\u00e9rdida de alquileres<\/li>\n<li>Responsabilidad Civil<\/li>\n<\/ul>\n<p>&nbsp;<\/p>\n","protected":false},"excerpt":{"rendered":"<p>Ponemos a la tu disposici\u00f3n toda nuestra experi\u00e9ncia en el mundo de los seguros. Te ofrecemos las mejores coberturas pel teu immoble; Hogar habitual Segundaresid\u00e9ncia Hogar de alquiler Comercio Peque\u00f1a\u00a0y mediana empresa P\u00e9rdida de alquileres Responsabilidad Civil &nbsp;<\/p>\n","protected":false},"author":1,"featured_media":0,"parent":0,"menu_order":0,"comment_status":"closed","ping_status":"closed","template":"","meta":[],"_links":{"self":[{"href":"https:\/\/www.juvetfinques.es\/index.php\/wp-json\/wp\/v2\/pages\/217"}],"collection":[{"href":"https:\/\/www.juvetfinques.es\/index.php\/wp-json\/wp\/v2\/pages"}],"about":[{"href":"https:\/\/www.juvetfinques.es\/index.php\/wp-json\/wp\/v2\/types\/page"}],"author":[{"embeddable":true,"href":"https:\/\/www.juvetfinques.es\/index.php\/wp-json\/wp\/v2\/users\/1"}],"replies":[{"embeddable":true,"href":"https:\/\/www.juvetfinques.es\/index.php\/wp-json\/wp\/v2\/comments?post=217"}],"version-history":[{"count":1,"href":"https:\/\/www.juvetfinques.es\/index.php\/wp-json\/wp\/v2\/pages\/217\/revisions"}],"predecessor-version":[{"id":218,"href":"https:\/\/www.juvetfinques.es\/index.php\/wp-json\/wp\/v2\/pages\/217\/revisions\/218"}],"wp:attachment":[{"href":"https:\/\/www.juvetfinques.es\/index.php\/wp-json\/wp\/v2\/media?parent=217"}],"curies":[{"name":"wp","href":"https:\/\/api.w.org\/{rel}","templated":true}]}}